{"id":63,"date":"2026-04-16T13:40:44","date_gmt":"2026-04-16T13:40:44","guid":{"rendered":"https:\/\/bplocpro.fr\/?page_id=63"},"modified":"2026-04-26T19:05:40","modified_gmt":"2026-04-26T17:05:40","slug":"accueil","status":"publish","type":"page","link":"https:\/\/bplocpro.fr\/","title":{"rendered":"Accueil"},"content":{"rendered":"<h1>Location de Remorque Frigo \u00e0 Monteux<\/h1>\n<p data-start=\"680\" data-end=\"827\">Vous cherchez une solution simple et efficace pour conserver vos produits au frais le temps d\u2019un week-end, d\u2019un \u00e9v\u00e9nement ou d\u2019un besoin ponctuel ?<\/p>\n<p data-start=\"680\" data-end=\"827\"><strong data-start=\"829\" data-end=\"842\">BP LocPro<\/strong> vous propose la <strong data-start=\"859\" data-end=\"899\">location de remorque frigo \u00e0 Monteux<\/strong>, dans le Vaucluse, avec livraison directement sur place dans un rayon d\u2019environ <strong data-start=\"980\" data-end=\"1007\">30 km autour de Monteux<\/strong>.<\/p>\n<p data-start=\"1010\" data-end=\"1255\">Nos remorques frigorifiques sont id\u00e9ales pour les particuliers, professionnels, traiteurs, associations, organisateurs d\u2019\u00e9v\u00e9nements, mariages, f\u00eates, march\u00e9s, producteurs locaux ou commerces ayant besoin d\u2019un volume de stockage froid temporaire.<\/p>\n<p>\t\t\t\t\t\t\t\t\t\t\t\t\t<img loading=\"lazy\" decoding=\"async\" width=\"800\" height=\"697\" src=\"https:\/\/bplocpro.fr\/wp-content\/uploads\/2026\/04\/remorque-frigo-bp-locpro-1024x892.webp\" alt=\"\" srcset=\"https:\/\/bplocpro.fr\/wp-content\/uploads\/2026\/04\/remorque-frigo-bp-locpro-1024x892.webp 1024w, https:\/\/bplocpro.fr\/wp-content\/uploads\/2026\/04\/remorque-frigo-bp-locpro-300x261.webp 300w, https:\/\/bplocpro.fr\/wp-content\/uploads\/2026\/04\/remorque-frigo-bp-locpro-768x669.webp 768w, https:\/\/bplocpro.fr\/wp-content\/uploads\/2026\/04\/remorque-frigo-bp-locpro.webp 1211w\" sizes=\"auto, (max-width: 800px) 100vw, 800px\" \/>\t\t\t\t\t\t\t\t\t\t\t\t\t\t\t\t<\/p>\n<h5>Demande d&rsquo;information<\/h5>\n<h2>Remorque frigo 15 m\u00b3 livr\u00e9e directement chez vous<\/h2>\n<p>\t\t\t\t\t\t\t\t\t\t\t\t\t\t\t<img loading=\"lazy\" decoding=\"async\" width=\"800\" height=\"600\" src=\"https:\/\/bplocpro.fr\/wp-content\/uploads\/2026\/04\/remorque-frigo-interieur.webp\" alt=\"\" srcset=\"https:\/\/bplocpro.fr\/wp-content\/uploads\/2026\/04\/remorque-frigo-interieur.webp 1024w, https:\/\/bplocpro.fr\/wp-content\/uploads\/2026\/04\/remorque-frigo-interieur-300x225.webp 300w, https:\/\/bplocpro.fr\/wp-content\/uploads\/2026\/04\/remorque-frigo-interieur-768x576.webp 768w\" sizes=\"auto, (max-width: 800px) 100vw, 800px\" \/>\t\t\t\t\t\t\t\t\t\t\t\t\t<\/p>\n<p data-start=\"1316\" data-end=\"1543\">Nos remorques frigorifiques offrent un volume utile de <strong data-start=\"1371\" data-end=\"1380\">15 m\u00b3<\/strong>, parfait pour stocker des boissons, produits alimentaires, pr\u00e9parations traiteur, desserts, fruits, l\u00e9gumes ou marchandises n\u00e9cessitant une conservation au frais.<\/p>\n<p data-start=\"1545\" data-end=\"1704\">Chaque remorque est \u00e9quip\u00e9e de <strong data-start=\"1576\" data-end=\"1606\">rayonnages \/ \u00e9tag\u00e8res inox<\/strong>, permettant d\u2019organiser facilement vos produits \u00e0 l\u2019int\u00e9rieur et d\u2019optimiser l\u2019espace disponible.<\/p>\n<p data-start=\"1706\" data-end=\"2030\">Contrairement \u00e0 une remorque classique \u00e0 tracter, nos caissons frigorifiques sont mont\u00e9s sur un syst\u00e8me de type <strong data-start=\"1818\" data-end=\"1831\">ampliroll<\/strong>. Cela signifie que nous assurons nous-m\u00eames la <strong data-start=\"1879\" data-end=\"1924\">livraison, la mise en place et la reprise<\/strong> de la remorque. Vous n\u2019avez pas besoin de v\u00e9hicule adapt\u00e9 ni de permis sp\u00e9cifique pour venir la chercher.<\/p>\n<h2>Une solution froid positif pour vos \u00e9v\u00e9nements<\/h2>\n<p data-start=\"2530\" data-end=\"2636\">Nos remorques sont pr\u00e9vues pour du <strong data-start=\"2565\" data-end=\"2582\">froid positif<\/strong>, adapt\u00e9 \u00e0 la conservation de nombreux produits frais.<\/p>\n<p data-start=\"2638\" data-end=\"2672\">Elles conviennent notamment pour :<\/p>\n<p data-start=\"2674\" data-end=\"2864\">les boissons fra\u00eeches,<br data-start=\"2696\" data-end=\"2699\" \/>les produits traiteur,<br data-start=\"2721\" data-end=\"2724\" \/>les pr\u00e9parations alimentaires,<br data-start=\"2754\" data-end=\"2757\" \/>les desserts,<br data-start=\"2770\" data-end=\"2773\" \/>les fruits et l\u00e9gumes,<br data-start=\"2795\" data-end=\"2798\" \/>les produits de march\u00e9,<br data-start=\"2821\" data-end=\"2824\" \/>les \u00e9v\u00e9nements priv\u00e9s ou professionnels.<\/p>\n<p data-start=\"2866\" data-end=\"3076\">Pour une r\u00e9ception, un mariage ou un \u00e9v\u00e9nement en ext\u00e9rieur, la remorque frigo permet de s\u00e9curiser la conservation des produits tout en gardant un acc\u00e8s simple et pratique pendant toute la dur\u00e9e de l\u2019\u00e9v\u00e9nement.<\/p>\n<p>\t\t\t\t\t\t\t\t\t\t\t\t\t<img loading=\"lazy\" decoding=\"async\" width=\"800\" height=\"450\" src=\"https:\/\/bplocpro.fr\/wp-content\/uploads\/2026\/04\/remorque-frigo-mariage.webp\" alt=\"\" srcset=\"https:\/\/bplocpro.fr\/wp-content\/uploads\/2026\/04\/remorque-frigo-mariage.webp 1024w, https:\/\/bplocpro.fr\/wp-content\/uploads\/2026\/04\/remorque-frigo-mariage-300x169.webp 300w, https:\/\/bplocpro.fr\/wp-content\/uploads\/2026\/04\/remorque-frigo-mariage-768x432.webp 768w\" sizes=\"auto, (max-width: 800px) 100vw, 800px\" \/>\t\t\t\t\t\t\t\t\t\t\t\t\t\t\t\t<\/p>\n<h3>\n\t\t\t\t\t\tTarif location remorque frigo week-end\t\t\t\t\t\t<\/h3>\n<p>\t\t\t\t\t\t\tLa location est propos\u00e9e au tarif de :<br \/>\n\t\t\t\t\t\t300 \u20ac HT<br \/>\n\t\t\t\t\t\t\t\t\tLe Week-End\t\t\t\t\t\t\t<\/p>\n<ul>\n<li>\n\t\t\t\t\t\t\t\t<svg aria-hidden=\"true\" viewBox=\"0 0 512 512\" xmlns=\"http:\/\/www.w3.org\/2000\/svg\"><path d=\"M256 8C119.033 8 8 119.033 8 256s111.033 248 248 248 248-111.033 248-248S392.967 8 256 8zm0 48c110.532 0 200 89.451 200 200 0 110.532-89.451 200-200 200-110.532 0-200-89.451-200-200 0-110.532 89.451-200 200-200m140.204 130.267l-22.536-22.718c-4.667-4.705-12.265-4.736-16.97-.068L215.346 303.697l-59.792-60.277c-4.667-4.705-12.265-4.736-16.97-.069l-22.719 22.536c-4.705 4.667-4.736 12.265-.068 16.971l90.781 91.516c4.667 4.705 12.265 4.736 16.97.068l172.589-171.204c4.704-4.668 4.734-12.266.067-16.971z\"><\/path><\/svg><br \/>\n\t\t\t\t\t\t\t\t\t\tLivraison le vendredi\n\t\t\t\t\t\t<\/li>\n<li>\n\t\t\t\t\t\t\t\t<svg aria-hidden=\"true\" viewBox=\"0 0 512 512\" xmlns=\"http:\/\/www.w3.org\/2000\/svg\"><path d=\"M256 8C119.033 8 8 119.033 8 256s111.033 248 248 248 248-111.033 248-248S392.967 8 256 8zm0 48c110.532 0 200 89.451 200 200 0 110.532-89.451 200-200 200-110.532 0-200-89.451-200-200 0-110.532 89.451-200 200-200m140.204 130.267l-22.536-22.718c-4.667-4.705-12.265-4.736-16.97-.068L215.346 303.697l-59.792-60.277c-4.667-4.705-12.265-4.736-16.97-.069l-22.719 22.536c-4.705 4.667-4.736 12.265-.068 16.971l90.781 91.516c4.667 4.705 12.265 4.736 16.97.068l172.589-171.204c4.704-4.668 4.734-12.266.067-16.971z\"><\/path><\/svg><br \/>\n\t\t\t\t\t\t\t\t\t\tReprise le lundi\n\t\t\t\t\t\t<\/li>\n<li>\n\t\t\t\t\t\t\t\t<svg aria-hidden=\"true\" viewBox=\"0 0 512 512\" xmlns=\"http:\/\/www.w3.org\/2000\/svg\"><path d=\"M256 8C119.033 8 8 119.033 8 256s111.033 248 248 248 248-111.033 248-248S392.967 8 256 8zm0 48c110.532 0 200 89.451 200 200 0 110.532-89.451 200-200 200-110.532 0-200-89.451-200-200 0-110.532 89.451-200 200-200m140.204 130.267l-22.536-22.718c-4.667-4.705-12.265-4.736-16.97-.068L215.346 303.697l-59.792-60.277c-4.667-4.705-12.265-4.736-16.97-.069l-22.719 22.536c-4.705 4.667-4.736 12.265-.068 16.971l90.781 91.516c4.667 4.705 12.265 4.736 16.97.068l172.589-171.204c4.704-4.668 4.734-12.266.067-16.971z\"><\/path><\/svg><br \/>\n\t\t\t\t\t\t\t\t\t\tRemorque frigo 15 m3\n\t\t\t\t\t\t<\/li>\n<li>\n\t\t\t\t\t\t\t\t<svg aria-hidden=\"true\" viewBox=\"0 0 512 512\" xmlns=\"http:\/\/www.w3.org\/2000\/svg\"><path d=\"M256 8C119.033 8 8 119.033 8 256s111.033 248 248 248 248-111.033 248-248S392.967 8 256 8zm0 48c110.532 0 200 89.451 200 200 0 110.532-89.451 200-200 200-110.532 0-200-89.451-200-200 0-110.532 89.451-200 200-200m140.204 130.267l-22.536-22.718c-4.667-4.705-12.265-4.736-16.97-.068L215.346 303.697l-59.792-60.277c-4.667-4.705-12.265-4.736-16.97-.069l-22.719 22.536c-4.705 4.667-4.736 12.265-.068 16.971l90.781 91.516c4.667 4.705 12.265 4.736 16.97.068l172.589-171.204c4.704-4.668 4.734-12.266.067-16.971z\"><\/path><\/svg><br \/>\n\t\t\t\t\t\t\t\t\t\tFroid positif\n\t\t\t\t\t\t<\/li>\n<li>\n\t\t\t\t\t\t\t\t<svg aria-hidden=\"true\" viewBox=\"0 0 512 512\" xmlns=\"http:\/\/www.w3.org\/2000\/svg\"><path d=\"M256 8C119.033 8 8 119.033 8 256s111.033 248 248 248 248-111.033 248-248S392.967 8 256 8zm0 48c110.532 0 200 89.451 200 200 0 110.532-89.451 200-200 200-110.532 0-200-89.451-200-200 0-110.532 89.451-200 200-200m140.204 130.267l-22.536-22.718c-4.667-4.705-12.265-4.736-16.97-.068L215.346 303.697l-59.792-60.277c-4.667-4.705-12.265-4.736-16.97-.069l-22.719 22.536c-4.705 4.667-4.736 12.265-.068 16.971l90.781 91.516c4.667 4.705 12.265 4.736 16.97.068l172.589-171.204c4.704-4.668 4.734-12.266.067-16.971z\"><\/path><\/svg><br \/>\n\t\t\t\t\t\t\t\t\t\tLivraison dans un rayon de 30km\n\t\t\t\t\t\t<\/li>\n<\/ul>\n<h2>Zone de livraison autour de Monteux<\/h2>\n<p data-start=\"3123\" data-end=\"3231\">BP LocPro intervient pour la location de remorque frigo dans un rayon d\u2019environ <strong data-start=\"3203\" data-end=\"3230\">30 km autour de Monteux<\/strong>.<\/p>\n<p data-start=\"3233\" data-end=\"3274\">Nous pouvons notamment livrer autour de :<\/p>\n<p data-start=\"3276\" data-end=\"3570\"><strong data-start=\"3276\" data-end=\"3570\">Monteux, Carpentras, Pernes-les-Fontaines, Althen-des-Paluds, Entraigues-sur-la-Sorgue, Sorgues, Ved\u00e8ne, Le Pontet, Avignon, B\u00e9darrides, Sarrians, Aubignan, Mazan, Loriol-du-Comtat, Saint-Didier, Velleron, L\u2019Isle-sur-la-Sorgue, Ch\u00e2teauneuf-de-Gadagne, Mori\u00e8res-l\u00e8s-Avignon et les alentours.<\/strong><\/p>\n<p data-start=\"3572\" data-end=\"3679\">Pour toute demande en dehors de cette zone, contactez-nous afin de v\u00e9rifier la faisabilit\u00e9 de la livraison.<\/p>\n<p>\t\t\t        <!-- link opening --><br \/>\n                <a href=\"#\"><br \/>\n                <!-- end link opening --><br \/>\n                    <svg aria-hidden=\"true\" viewBox=\"0 0 640 512\" xmlns=\"http:\/\/www.w3.org\/2000\/svg\"><path d=\"M624 352h-16V243.9c0-12.7-5.1-24.9-14.1-33.9L494 110.1c-9-9-21.2-14.1-33.9-14.1H416V48c0-26.5-21.5-48-48-48H112C85.5 0 64 21.5 64 48v48H8c-4.4 0-8 3.6-8 8v16c0 4.4 3.6 8 8 8h272c4.4 0 8 3.6 8 8v16c0 4.4-3.6 8-8 8H40c-4.4 0-8 3.6-8 8v16c0 4.4 3.6 8 8 8h208c4.4 0 8 3.6 8 8v16c0 4.4-3.6 8-8 8H8c-4.4 0-8 3.6-8 8v16c0 4.4 3.6 8 8 8h208c4.4 0 8 3.6 8 8v16c0 4.4-3.6 8-8 8H64v128c0 53 43 96 96 96s96-43 96-96h128c0 53 43 96 96 96s96-43 96-96h48c8.8 0 16-7.2 16-16v-32c0-8.8-7.2-16-16-16zM160 464c-26.5 0-48-21.5-48-48s21.5-48 48-48 48 21.5 48 48-21.5 48-48 48zm320 0c-26.5 0-48-21.5-48-48s21.5-48 48-48 48 21.5 48 48-21.5 48-48 48zm80-208H416V144h44.1l99.9 99.9V256z\"><\/path><\/svg><\/p>\n<h3>\n                    Rapide                <\/h3>\n<p>Livraison sous 24\/48h<\/p>\n<p>                <\/a><br \/>\n        \t\t\t\t\t        <!-- link opening --><br \/>\n                <a href=\"#\"><br \/>\n                <!-- end link opening --><br \/>\n                    <svg aria-hidden=\"true\" viewBox=\"0 0 512 512\" xmlns=\"http:\/\/www.w3.org\/2000\/svg\"><path d=\"M224,192a16,16,0,1,0,16,16A16,16,0,0,0,224,192ZM466.5,83.68l-192-80A57.4,57.4,0,0,0,256.05,0a57.4,57.4,0,0,0-18.46,3.67l-192,80A47.93,47.93,0,0,0,16,128C16,326.5,130.5,463.72,237.5,508.32a48.09,48.09,0,0,0,36.91,0C360.09,472.61,496,349.3,496,128A48,48,0,0,0,466.5,83.68ZM384,256H371.88c-28.51,0-42.79,34.47-22.63,54.63l8.58,8.57a16,16,0,1,1-22.63,22.63l-8.57-8.58C306.47,313.09,272,327.37,272,355.88V368a16,16,0,0,1-32,0V355.88c0-28.51-34.47-42.79-54.63-22.63l-8.57,8.58a16,16,0,0,1-22.63-22.63l8.58-8.57c20.16-20.16,5.88-54.63-22.63-54.63H128a16,16,0,0,1,0-32h12.12c28.51,0,42.79-34.47,22.63-54.63l-8.58-8.57a16,16,0,0,1,22.63-22.63l8.57,8.58c20.16,20.16,54.63,5.88,54.63-22.63V112a16,16,0,0,1,32,0v12.12c0,28.51,34.47,42.79,54.63,22.63l8.57-8.58a16,16,0,0,1,22.63,22.63l-8.58,8.57C329.09,189.53,343.37,224,371.88,224H384a16,16,0,0,1,0,32Zm-96,0a16,16,0,1,0,16,16A16,16,0,0,0,288,256Z\"><\/path><\/svg><\/p>\n<h3>\n                    Fiable                <\/h3>\n<p>Remorques frigo entretenues <\/p>\n<p>                <\/a><br \/>\n        \t\t\t\t\t        <!-- link opening --><br \/>\n                <a href=\"#\"><br \/>\n                <!-- end link opening --><br \/>\n                    <svg aria-hidden=\"true\" viewBox=\"0 0 640 512\" xmlns=\"http:\/\/www.w3.org\/2000\/svg\"><path d=\"M434.7 64h-85.9c-8 0-15.7 3-21.6 8.4l-98.3 90c-.1.1-.2.3-.3.4-16.6 15.6-16.3 40.5-2.1 56 12.7 13.9 39.4 17.6 56.1 2.7.1-.1.3-.1.4-.2l79.9-73.2c6.5-5.9 16.7-5.5 22.6 1 6 6.5 5.5 16.6-1 22.6l-26.1 23.9L504 313.8c2.9 2.4 5.5 5 7.9 7.7V128l-54.6-54.6c-5.9-6-14.1-9.4-22.6-9.4zM544 128.2v223.9c0 17.7 14.3 32 32 32h64V128.2h-96zm48 223.9c-8.8 0-16-7.2-16-16s7.2-16 16-16 16 7.2 16 16-7.2 16-16 16zM0 384h64c17.7 0 32-14.3 32-32V128.2H0V384zm48-63.9c8.8 0 16 7.2 16 16s-7.2 16-16 16-16-7.2-16-16c0-8.9 7.2-16 16-16zm435.9 18.6L334.6 217.5l-30 27.5c-29.7 27.1-75.2 24.5-101.7-4.4-26.9-29.4-24.8-74.9 4.4-101.7L289.1 64h-83.8c-8.5 0-16.6 3.4-22.6 9.4L128 128v223.9h18.3l90.5 81.9c27.4 22.3 67.7 18.1 90-9.3l.2-.2 17.9 15.5c15.9 13 39.4 10.5 52.3-5.4l31.4-38.6 5.4 4.4c13.7 11.1 33.9 9.1 45-4.7l9.5-11.7c11.2-13.8 9.1-33.9-4.6-45.1z\"><\/path><\/svg><\/p>\n<h3>\n                    Proche                <\/h3>\n<p>Un service local \u00e0 votre \u00e9coute<\/p>\n<p>                <\/a><\/p>\n<h2>Pourquoi choisir BP LocPro ?<\/h2>\n<p data-start=\"3719\" data-end=\"3816\">Avec BP LocPro, vous b\u00e9n\u00e9ficiez d\u2019une solution cl\u00e9 en main pour votre besoin de froid temporaire.<\/p>\n<p data-start=\"3818\" data-end=\"4086\">Nous livrons la remorque directement sur votre lieu d\u2019\u00e9v\u00e9nement ou d\u2019activit\u00e9, puis nous revenons la r\u00e9cup\u00e9rer apr\u00e8s utilisation. Vous gagnez du temps, vous \u00e9vitez les contraintes de transport, et vous disposez d\u2019un espace frigorifique pratique, propre et fonctionnel.<\/p>\n<p data-start=\"4088\" data-end=\"4297\">Nos remorques sont particuli\u00e8rement adapt\u00e9es aux besoins ponctuels : week-end, r\u00e9ception, \u00e9v\u00e9nement familial, mariage, f\u00eate de village, manifestation associative, march\u00e9 ou activit\u00e9 professionnelle temporaire.<\/p>\n<p>\t\t\t\t\t\t\t\t\t\t\t\t\t<img loading=\"lazy\" decoding=\"async\" width=\"300\" height=\"261\" src=\"https:\/\/bplocpro.fr\/wp-content\/uploads\/2026\/04\/remorque-frigo-bp-locpro-300x261.webp\" alt=\"\" srcset=\"https:\/\/bplocpro.fr\/wp-content\/uploads\/2026\/04\/remorque-frigo-bp-locpro-300x261.webp 300w, https:\/\/bplocpro.fr\/wp-content\/uploads\/2026\/04\/remorque-frigo-bp-locpro-1024x892.webp 1024w, https:\/\/bplocpro.fr\/wp-content\/uploads\/2026\/04\/remorque-frigo-bp-locpro-768x669.webp 768w, https:\/\/bplocpro.fr\/wp-content\/uploads\/2026\/04\/remorque-frigo-bp-locpro.webp 1211w\" sizes=\"auto, (max-width: 300px) 100vw, 300px\" \/>\t\t\t\t\t\t\t\t\t\t\t\t\t\t\t\t<\/p>\n<h2>Demander une disponibilit\u00e9<\/h2>\n<p data-start=\"4335\" data-end=\"4429\">Vous organisez un \u00e9v\u00e9nement dans le Vaucluse et vous avez besoin d\u2019une remorque frigorifique ?<\/p>\n<p data-start=\"4431\" data-end=\"4554\">Contactez <strong data-start=\"4441\" data-end=\"4454\">BP LocPro<\/strong> pour v\u00e9rifier la disponibilit\u00e9 de la remorque \u00e0 vos dates et obtenir les informations de livraison.<\/p>\n<p data-start=\"4556\" data-end=\"4655\"><strong data-start=\"4556\" data-end=\"4655\">Location remorque frigo 15 m\u00b3 \u00e0 Monteux et alentours \u2014 livraison le vendredi, reprise le lundi.<\/strong><\/p>\n","protected":false},"excerpt":{"rendered":"<p>Location de Remorque Frigo \u00e0 Monteux Vous cherchez une solution simple et efficace pour conserver vos produits au frais le temps d\u2019un week-end, d\u2019un \u00e9v\u00e9nement ou d\u2019un besoin ponctuel ? BP LocPro vous propose la location de remorque frigo \u00e0 Monteux, dans le Vaucluse, avec livraison directement sur place dans un rayon d\u2019environ 30 km [&hellip;]<\/p>\n","protected":false},"author":1,"featured_media":142,"parent":0,"menu_order":0,"comment_status":"closed","ping_status":"closed","template":"","meta":{"footnotes":""},"class_list":["post-63","page","type-page","status-publish","has-post-thumbnail","hentry"],"_links":{"self":[{"href":"https:\/\/bplocpro.fr\/index.php?rest_route=\/wp\/v2\/pages\/63","targetHints":{"allow":["GET"]}}],"collection":[{"href":"https:\/\/bplocpro.fr\/index.php?rest_route=\/wp\/v2\/pages"}],"about":[{"href":"https:\/\/bplocpro.fr\/index.php?rest_route=\/wp\/v2\/types\/page"}],"author":[{"embeddable":true,"href":"https:\/\/bplocpro.fr\/index.php?rest_route=\/wp\/v2\/users\/1"}],"replies":[{"embeddable":true,"href":"https:\/\/bplocpro.fr\/index.php?rest_route=%2Fwp%2Fv2%2Fcomments&post=63"}],"version-history":[{"count":169,"href":"https:\/\/bplocpro.fr\/index.php?rest_route=\/wp\/v2\/pages\/63\/revisions"}],"predecessor-version":[{"id":292,"href":"https:\/\/bplocpro.fr\/index.php?rest_route=\/wp\/v2\/pages\/63\/revisions\/292"}],"wp:featuredmedia":[{"embeddable":true,"href":"https:\/\/bplocpro.fr\/index.php?rest_route=\/wp\/v2\/media\/142"}],"wp:attachment":[{"href":"https:\/\/bplocpro.fr\/index.php?rest_route=%2Fwp%2Fv2%2Fmedia&parent=63"}],"curies":[{"name":"wp","href":"https:\/\/api.w.org\/{rel}","templated":true}]}}